{"id":617,"date":"2025-02-05T12:28:55","date_gmt":"2025-02-05T11:28:55","guid":{"rendered":"https:\/\/sputnik.guv.tu-berlin.de\/wordpress\/?page_id=617"},"modified":"2025-02-22T11:04:51","modified_gmt":"2025-02-22T10:04:51","slug":"start","status":"publish","type":"page","link":"https:\/\/sputnik.guv.tu-berlin.de\/wordpress\/","title":{"rendered":"Start"},"content":{"rendered":"\n<p>Sputnik war 1957 der erste Satellit im Weltall und steht f\u00fcr Begleiter auf russisch. Und genau das tun wir auch: Wir begleiten dich durch dein Studium, helfen dir bei Fragen zu Modulen und bieten dir eine gro\u00dfe Gemeinschaft. Wir sind eine studentische Initiative an der Fakult\u00e4t 5, die sich f\u00fcr deine Interessen in allen Hochschulgremien einsetzt. <\/p>\n\n\n\n<p>So haben wir unter anderem an der Freiversuchsregelung und der 25%-Regel mitgearbeitet. Wir gestalten gemeinsam mit Profs und WiMis die Studieng\u00e4nge, um dir deine Studienzeit so fair und spa\u00dfig wie m\u00f6glich zu gestalten. <\/p>\n\n\n\n<p>Gleichzeitig f\u00f6rdern wir mit verschiedenen Aktionen die Vernetzung von Luft- und Raumfahrtbegeisterten. So organisieren die Erstsemester*innen-Einf\u00fchrung mit, veranstalten coole Partys und gehen gemeinsam zu spannenden Messen, wie beispielsweise der ILA Berlin. Dadurch lernen wir uns alle untereinander noch besser kennen und schlie\u00dfen Freundschaften \u00fcber die Uni hinaus. Treffen kannst du uns in unserem B\u00fcro im EB 310 und im Weltraum (coolster Lernraum im EB317C).<\/p>\n\n\n\n<figure class=\"wp-block-image size-large\"><img loading=\"lazy\" decoding=\"async\" width=\"1024\" height=\"576\" src=\"https:\/\/sputnik.guv.tu-berlin.de\/wordpress\/wp-content\/uploads\/2025\/02\/Logo-Satellit-mit-Regenbogen-farbig-1024x576.png\" alt=\"\" class=\"wp-image-618\" srcset=\"https:\/\/sputnik.guv.tu-berlin.de\/wordpress\/wp-content\/uploads\/2025\/02\/Logo-Satellit-mit-Regenbogen-farbig-1024x576.png 1024w, https:\/\/sputnik.guv.tu-berlin.de\/wordpress\/wp-content\/uploads\/2025\/02\/Logo-Satellit-mit-Regenbogen-farbig-300x169.png 300w, https:\/\/sputnik.guv.tu-berlin.de\/wordpress\/wp-content\/uploads\/2025\/02\/Logo-Satellit-mit-Regenbogen-farbig-768x432.png 768w, https:\/\/sputnik.guv.tu-berlin.de\/wordpress\/wp-content\/uploads\/2025\/02\/Logo-Satellit-mit-Regenbogen-farbig.png 1280w\" sizes=\"auto, (max-width: 767px) 89vw, (max-width: 1000px) 54vw, (max-width: 1071px) 543px, 580px\" \/><\/figure>\n\n\n\n<p><strong>Werdet Teil unseres Teams<\/strong><\/p>\n\n\n\n<p>F\u00fcr unsere vielen Projekte, Events und Gremienarbeit suchen wir immer helfende H\u00e4nde und K\u00f6pfe. Wenn Ihr also Bock habt, uns und die Studierendenschaft zu unterst\u00fctzen,<strong> dann komm einfach vorbei <\/strong>oder melde dich einfach bei uns (Mail oder Insta).<\/p>\n\n\n\n<p><strong>W\u00f6chentliche Sitzung<\/strong><\/p>\n\n\n\n<p>Unser wichtigster Diskussions- und Austauschraum ist unsere w\u00f6chentliche Sitzung<\/p>\n\n\n\n<ul class=\"wp-block-list\">\n<li>montags <\/li>\n\n\n\n<li>um 18:15 Uhr<\/li>\n\n\n\n<li>im EB310 oder Weltraum (EB317c)<\/li>\n<\/ul>\n\n\n\n<p>Schaut also bei Interesse einfach gerne vorbei. &lt;3<\/p>\n","protected":false},"excerpt":{"rendered":"<p>Sputnik war 1957 der erste Satellit im Weltall und steht f\u00fcr Begleiter auf russisch. Und genau das tun wir auch: Wir begleiten dich durch dein Studium, helfen dir bei Fragen zu Modulen und bieten dir eine gro\u00dfe Gemeinschaft. Wir sind eine studentische Initiative an der Fakult\u00e4t 5, die sich f\u00fcr deine Interessen in allen Hochschulgremien &hellip; <\/p>\n<p class=\"link-more\"><a href=\"https:\/\/sputnik.guv.tu-berlin.de\/wordpress\/\" class=\"more-link\"><span class=\"screen-reader-text\">\u201eStart\u201c<\/span> weiterlesen<\/a><\/p>\n","protected":false},"author":9,"featured_media":0,"parent":0,"menu_order":0,"comment_status":"closed","ping_status":"closed","template":"","meta":{"footnotes":""},"class_list":["post-617","page","type-page","status-publish","hentry"],"_links":{"self":[{"href":"https:\/\/sputnik.guv.tu-berlin.de\/wordpress\/wp-json\/wp\/v2\/pages\/617","targetHints":{"allow":["GET"]}}],"collection":[{"href":"https:\/\/sputnik.guv.tu-berlin.de\/wordpress\/wp-json\/wp\/v2\/pages"}],"about":[{"href":"https:\/\/sputnik.guv.tu-berlin.de\/wordpress\/wp-json\/wp\/v2\/types\/page"}],"author":[{"embeddable":true,"href":"https:\/\/sputnik.guv.tu-berlin.de\/wordpress\/wp-json\/wp\/v2\/users\/9"}],"replies":[{"embeddable":true,"href":"https:\/\/sputnik.guv.tu-berlin.de\/wordpress\/wp-json\/wp\/v2\/comments?post=617"}],"version-history":[{"count":7,"href":"https:\/\/sputnik.guv.tu-berlin.de\/wordpress\/wp-json\/wp\/v2\/pages\/617\/revisions"}],"predecessor-version":[{"id":793,"href":"https:\/\/sputnik.guv.tu-berlin.de\/wordpress\/wp-json\/wp\/v2\/pages\/617\/revisions\/793"}],"wp:attachment":[{"href":"https:\/\/sputnik.guv.tu-berlin.de\/wordpress\/wp-json\/wp\/v2\/media?parent=617"}],"curies":[{"name":"wp","href":"https:\/\/api.w.org\/{rel}","templated":true}]}}