{"id":579,"date":"2025-02-04T17:12:42","date_gmt":"2025-02-04T16:12:42","guid":{"rendered":"https:\/\/sputnik.guv.tu-berlin.de\/wordpress\/?page_id=579"},"modified":"2025-06-03T12:27:01","modified_gmt":"2025-06-03T10:27:01","slug":"cafe-countdown","status":"publish","type":"page","link":"https:\/\/sputnik.guv.tu-berlin.de\/wordpress\/cafe-countdown\/","title":{"rendered":"Caf\u00e9 Countdown"},"content":{"rendered":"\n<figure class=\"wp-block-image size-large is-resized\"><img loading=\"lazy\" decoding=\"async\" width=\"1024\" height=\"1024\" src=\"https:\/\/sputnik.guv.tu-berlin.de\/wordpress\/wp-content\/uploads\/2025\/02\/Logo_Cafe321-min-1024x1024.png\" alt=\"\" class=\"wp-image-586\" style=\"width:150px;height:auto\" srcset=\"https:\/\/sputnik.guv.tu-berlin.de\/wordpress\/wp-content\/uploads\/2025\/02\/Logo_Cafe321-min-1024x1024.png 1024w, https:\/\/sputnik.guv.tu-berlin.de\/wordpress\/wp-content\/uploads\/2025\/02\/Logo_Cafe321-min-300x300.png 300w, https:\/\/sputnik.guv.tu-berlin.de\/wordpress\/wp-content\/uploads\/2025\/02\/Logo_Cafe321-min-150x150.png 150w, https:\/\/sputnik.guv.tu-berlin.de\/wordpress\/wp-content\/uploads\/2025\/02\/Logo_Cafe321-min-768x768.png 768w, https:\/\/sputnik.guv.tu-berlin.de\/wordpress\/wp-content\/uploads\/2025\/02\/Logo_Cafe321-min-1536x1536.png 1536w, https:\/\/sputnik.guv.tu-berlin.de\/wordpress\/wp-content\/uploads\/2025\/02\/Logo_Cafe321-min-2048x2048.png 2048w, https:\/\/sputnik.guv.tu-berlin.de\/wordpress\/wp-content\/uploads\/2025\/02\/Logo_Cafe321-min-100x100.png 100w\" sizes=\"auto, (max-width: 767px) 89vw, (max-width: 1000px) 54vw, (max-width: 1071px) 543px, 580px\" \/><\/figure>\n\n\n\n<p>Im ILR im Raum F321 findet Ihr das von uns betriebene Caf\u00e9 Countdown, beziehungsweise ab 17 Uhr genannt das Schwarze Loch. Hier k\u00f6nnt Ihr auf spendenbasis Getr\u00e4nke und Snacks erwerben. Unsere Live-\u00d6ffnungszeiten k\u00f6nnt Ihr im eigens daf\u00fcr entwickelten <a href=\"https:\/\/t.me\/+McEOc8SU7OQwZTk6\">Telegram-Chat<\/a> entnehmen.<\/p>\n\n\n\n<p>Die wichtigsten Fakten auf einen Blick:<\/p>\n\n\n\n<ul class=\"wp-block-list\">\n<li>Raum F321<\/li>\n\n\n\n<li>Es ist offen, wenn der Telegram-Chat sagt, dass es ge\u00f6ffnet ist (Meist zwischen 10 und 16 Uhr)<\/li>\n\n\n\n<li>Lerncaf\u00e9 <\/li>\n\n\n\n<li>2 moderne Bildschirme<\/li>\n<\/ul>\n\n\n\n<p>Also schaut gerne auf einen Kaffee, ein Bier oder ein paar Snacks vorbei. Wenn ihr noch nicht \u00fcberzeugt seid, dann helfen vielleicht noch ein paar Impressionen.<\/p>\n\n\n\n<figure class=\"wp-block-gallery has-nested-images columns-default is-cropped wp-block-gallery-1 is-layout-flex wp-block-gallery-is-layout-flex\">\n<figure class=\"wp-block-image size-large\"><img loading=\"lazy\" decoding=\"async\" width=\"765\" height=\"1024\" data-id=\"788\" src=\"https:\/\/sputnik.guv.tu-berlin.de\/wordpress\/wp-content\/uploads\/2025\/02\/20250207_103954-min-765x1024.jpg\" alt=\"\" class=\"wp-image-788\" srcset=\"https:\/\/sputnik.guv.tu-berlin.de\/wordpress\/wp-content\/uploads\/2025\/02\/20250207_103954-min-765x1024.jpg 765w, https:\/\/sputnik.guv.tu-berlin.de\/wordpress\/wp-content\/uploads\/2025\/02\/20250207_103954-min-224x300.jpg 224w, https:\/\/sputnik.guv.tu-berlin.de\/wordpress\/wp-content\/uploads\/2025\/02\/20250207_103954-min-768x1028.jpg 768w, https:\/\/sputnik.guv.tu-berlin.de\/wordpress\/wp-content\/uploads\/2025\/02\/20250207_103954-min-1148x1536.jpg 1148w, https:\/\/sputnik.guv.tu-berlin.de\/wordpress\/wp-content\/uploads\/2025\/02\/20250207_103954-min-1531x2048.jpg 1531w, https:\/\/sputnik.guv.tu-berlin.de\/wordpress\/wp-content\/uploads\/2025\/02\/20250207_103954-min-scaled.jpg 1913w\" sizes=\"auto, (max-width: 706px) 89vw, (max-width: 767px) 82vw, 740px\" \/><\/figure>\n<\/figure>\n\n\n\n<div class=\"wp-block-group is-nowrap is-layout-flex wp-container-core-group-is-layout-1 wp-block-group-is-layout-flex\">\n<figure class=\"wp-block-gallery has-nested-images columns-default is-cropped wp-block-gallery-2 is-layout-flex wp-block-gallery-is-layout-flex\">\n<figure class=\"wp-block-image size-large\"><img loading=\"lazy\" decoding=\"async\" width=\"765\" height=\"1024\" src=\"https:\/\/sputnik.guv.tu-berlin.de\/wordpress\/wp-content\/uploads\/2025\/02\/20250205_103610-min-765x1024.jpg\" alt=\"\" class=\"wp-image-610\" srcset=\"https:\/\/sputnik.guv.tu-berlin.de\/wordpress\/wp-content\/uploads\/2025\/02\/20250205_103610-min-765x1024.jpg 765w, https:\/\/sputnik.guv.tu-berlin.de\/wordpress\/wp-content\/uploads\/2025\/02\/20250205_103610-min-224x300.jpg 224w, https:\/\/sputnik.guv.tu-berlin.de\/wordpress\/wp-content\/uploads\/2025\/02\/20250205_103610-min-768x1028.jpg 768w, https:\/\/sputnik.guv.tu-berlin.de\/wordpress\/wp-content\/uploads\/2025\/02\/20250205_103610-min-1148x1536.jpg 1148w, https:\/\/sputnik.guv.tu-berlin.de\/wordpress\/wp-content\/uploads\/2025\/02\/20250205_103610-min-1531x2048.jpg 1531w, https:\/\/sputnik.guv.tu-berlin.de\/wordpress\/wp-content\/uploads\/2025\/02\/20250205_103610-min-scaled.jpg 1913w\" sizes=\"auto, (max-width: 706px) 89vw, (max-width: 767px) 82vw, 740px\" \/><\/figure>\n\n\n\n<figure class=\"wp-block-image size-large\"><img loading=\"lazy\" decoding=\"async\" width=\"765\" height=\"1024\" src=\"https:\/\/sputnik.guv.tu-berlin.de\/wordpress\/wp-content\/uploads\/2025\/02\/20250205_103615-min-765x1024.jpg\" alt=\"\" class=\"wp-image-611\" srcset=\"https:\/\/sputnik.guv.tu-berlin.de\/wordpress\/wp-content\/uploads\/2025\/02\/20250205_103615-min-765x1024.jpg 765w, https:\/\/sputnik.guv.tu-berlin.de\/wordpress\/wp-content\/uploads\/2025\/02\/20250205_103615-min-224x300.jpg 224w, https:\/\/sputnik.guv.tu-berlin.de\/wordpress\/wp-content\/uploads\/2025\/02\/20250205_103615-min-768x1028.jpg 768w, https:\/\/sputnik.guv.tu-berlin.de\/wordpress\/wp-content\/uploads\/2025\/02\/20250205_103615-min-1148x1536.jpg 1148w, https:\/\/sputnik.guv.tu-berlin.de\/wordpress\/wp-content\/uploads\/2025\/02\/20250205_103615-min-1531x2048.jpg 1531w, https:\/\/sputnik.guv.tu-berlin.de\/wordpress\/wp-content\/uploads\/2025\/02\/20250205_103615-min-scaled.jpg 1913w\" sizes=\"auto, (max-width: 706px) 89vw, (max-width: 767px) 82vw, 740px\" \/><\/figure>\n<\/figure>\n<\/div>\n\n\n\n<p>Dich nervt es, wenn das Caf\u00e9 geschlossen ist?<\/p>\n\n\n\n<p><strong>Dann werde Teil des Teams<\/strong><\/p>\n\n\n\n<p>Auch im unserem Caf\u00e9 macht sich der allgemeine Personalmangel stets bemerkbar. Wenn du also gerne eine entspannte Schicht \u00fcbernehmen willst, dann sprich uns einfach an oder Schreib uns eine Nachricht (<a href=\"http:\/\/www.instagram.com\/tu.sputnik\/\" target=\"_blank\" rel=\"noreferrer noopener\">Instagram<\/a>, <a href=\"mailto:tusputnik@gmail.com\">Mail<\/a>). <\/p>\n\n\n\n<p><\/p>\n","protected":false},"excerpt":{"rendered":"<p>Im ILR im Raum F321 findet Ihr das von uns betriebene Caf\u00e9 Countdown, beziehungsweise ab 17 Uhr genannt das Schwarze Loch. Hier k\u00f6nnt Ihr auf spendenbasis Getr\u00e4nke und Snacks erwerben. Unsere Live-\u00d6ffnungszeiten k\u00f6nnt Ihr im eigens daf\u00fcr entwickelten Telegram-Chat entnehmen. Die wichtigsten Fakten auf einen Blick: Also schaut gerne auf einen Kaffee, ein Bier oder &hellip; <\/p>\n<p class=\"link-more\"><a href=\"https:\/\/sputnik.guv.tu-berlin.de\/wordpress\/cafe-countdown\/\" class=\"more-link\"><span class=\"screen-reader-text\">\u201eCaf\u00e9 Countdown\u201c<\/span> weiterlesen<\/a><\/p>\n","protected":false},"author":9,"featured_media":0,"parent":0,"menu_order":0,"comment_status":"closed","ping_status":"closed","template":"","meta":{"footnotes":""},"class_list":["post-579","page","type-page","status-publish","hentry"],"_links":{"self":[{"href":"https:\/\/sputnik.guv.tu-berlin.de\/wordpress\/wp-json\/wp\/v2\/pages\/579","targetHints":{"allow":["GET"]}}],"collection":[{"href":"https:\/\/sputnik.guv.tu-berlin.de\/wordpress\/wp-json\/wp\/v2\/pages"}],"about":[{"href":"https:\/\/sputnik.guv.tu-berlin.de\/wordpress\/wp-json\/wp\/v2\/types\/page"}],"author":[{"embeddable":true,"href":"https:\/\/sputnik.guv.tu-berlin.de\/wordpress\/wp-json\/wp\/v2\/users\/9"}],"replies":[{"embeddable":true,"href":"https:\/\/sputnik.guv.tu-berlin.de\/wordpress\/wp-json\/wp\/v2\/comments?post=579"}],"version-history":[{"count":17,"href":"https:\/\/sputnik.guv.tu-berlin.de\/wordpress\/wp-json\/wp\/v2\/pages\/579\/revisions"}],"predecessor-version":[{"id":800,"href":"https:\/\/sputnik.guv.tu-berlin.de\/wordpress\/wp-json\/wp\/v2\/pages\/579\/revisions\/800"}],"wp:attachment":[{"href":"https:\/\/sputnik.guv.tu-berlin.de\/wordpress\/wp-json\/wp\/v2\/media?parent=579"}],"curies":[{"name":"wp","href":"https:\/\/api.w.org\/{rel}","templated":true}]}}