{"id":37,"date":"2018-04-22T22:58:04","date_gmt":"2018-04-22T20:58:04","guid":{"rendered":"http:\/\/sputnik.guv.tu-berlin.de\/wordpress\/?page_id=37"},"modified":"2025-02-12T12:50:42","modified_gmt":"2025-02-12T11:50:42","slug":"wo-sind-wir-leer","status":"publish","type":"page","link":"https:\/\/sputnik.guv.tu-berlin.de\/wordpress\/wo-sind-wir-leer\/","title":{"rendered":"Kontakt"},"content":{"rendered":"<p>In unserem <strong>B\u00fcro <\/strong>im<strong> EB 310<\/strong> oder im <strong>Weltraum EB317C<\/strong> findet unsere w\u00f6chentliche Sitzung statt, jeden <strong>Montag um 18 Uhr<\/strong>. Au\u00dferdem k\u00f6nnt ihr uns nach Absprache hier Treffen und eure Fragen stellen.<\/p>\n<p>Um die Ecke des B\u00fcros ist unser <em><strong>&#8222;Weltraum&#8220; <\/strong><\/em>(EB317c), ein studentischer Arbeitsraum, der f\u00fcr alle frei zug\u00e4nglich ist. Entweder ist dort aufgeschlossen oder ihr k\u00f6nnt euch den Schl\u00fcssel in der Pf\u00f6rtnerloge gegen Ausleih eures Studierendenausweises ausleihen.<\/p>\n<p>Au\u00dferdem sind wir nat\u00fcrlich immer \u00fcber dem Campus verstreut, um nuuuur f\u00fcr euuuch die Welt zu verbessern&#8230;hmja&#8230; Also wenn ihr euch mit uns treffen wollt um was zu kl\u00e4ren oder um bei uns mit zu machen, schreibt uns am besten einfach an.<\/p>\n<p>&#8222;Zuf\u00e4llig&#8220; findet man uns am h\u00e4ufigsten am <strong>ILR,\u00a0<\/strong>im\u00a0<strong>Caf\u00e9 Countdown<\/strong> oder im <strong>Caf\u00e9 A<\/strong>. Weil wer hart arbeitet darf auch h\u00e4rter feiern.<\/p>\n<p>Dazu k\u00f6nnt Ihr auch einfach unserer <a href=\"https:\/\/chat.whatsapp.com\/GkfOzy9FM8v27l49APtzj5\">WhatsApp-Gruppe<\/a> joinen. Dort posten wir Neuigkeiten, Veranstaltungshinweise und Stellenangebote.<\/p>\n<p><strong>KONTAKT<\/strong>:<\/p>\n<ul>\n<li><a href=\"http:\/\/www.instagram.com\/tu.sputnik\/\" target=\"_blank\" rel=\"noopener noreferrer\">Instagram<\/a><\/li>\n<li><a href=\"mailto:tusputnik@gmail.com\">tusputnik@gmail.com<\/a><\/li>\n<\/ul>\n\n\n<p>Hier k\u00f6nnt Ihr uns auf dem Campus finden<\/p>\n\n\n\n<figure class=\"wp-block-image size-large\"><img loading=\"lazy\" decoding=\"async\" width=\"1024\" height=\"576\" src=\"https:\/\/sputnik.guv.tu-berlin.de\/wordpress\/wp-content\/uploads\/2025\/02\/Kontakt_Sputnik_aufm_Campus-1024x576.png\" alt=\"Hier k\u00f6nnt Ihr Sputniks auf dem Campus finden\" class=\"wp-image-679\" srcset=\"https:\/\/sputnik.guv.tu-berlin.de\/wordpress\/wp-content\/uploads\/2025\/02\/Kontakt_Sputnik_aufm_Campus-1024x576.png 1024w, https:\/\/sputnik.guv.tu-berlin.de\/wordpress\/wp-content\/uploads\/2025\/02\/Kontakt_Sputnik_aufm_Campus-300x169.png 300w, https:\/\/sputnik.guv.tu-berlin.de\/wordpress\/wp-content\/uploads\/2025\/02\/Kontakt_Sputnik_aufm_Campus-768x432.png 768w, https:\/\/sputnik.guv.tu-berlin.de\/wordpress\/wp-content\/uploads\/2025\/02\/Kontakt_Sputnik_aufm_Campus.png 1280w\" sizes=\"auto, (max-width: 767px) 89vw, (max-width: 1000px) 54vw, (max-width: 1071px) 543px, 580px\" \/><\/figure>\n","protected":false},"excerpt":{"rendered":"<p>In unserem B\u00fcro im EB 310 oder im Weltraum EB317C findet unsere w\u00f6chentliche Sitzung statt, jeden Montag um 18 Uhr. Au\u00dferdem k\u00f6nnt ihr uns nach Absprache hier Treffen und eure Fragen stellen. Um die Ecke des B\u00fcros ist unser &#8222;Weltraum&#8220; (EB317c), ein studentischer Arbeitsraum, der f\u00fcr alle frei zug\u00e4nglich ist. Entweder ist dort aufgeschlossen oder &hellip; <\/p>\n<p class=\"link-more\"><a href=\"https:\/\/sputnik.guv.tu-berlin.de\/wordpress\/wo-sind-wir-leer\/\" class=\"more-link\"><span class=\"screen-reader-text\">\u201eKontakt\u201c<\/span> weiterlesen<\/a><\/p>\n","protected":false},"author":5,"featured_media":0,"parent":0,"menu_order":0,"comment_status":"closed","ping_status":"closed","template":"","meta":{"footnotes":""},"class_list":["post-37","page","type-page","status-publish","hentry"],"_links":{"self":[{"href":"https:\/\/sputnik.guv.tu-berlin.de\/wordpress\/wp-json\/wp\/v2\/pages\/37","targetHints":{"allow":["GET"]}}],"collection":[{"href":"https:\/\/sputnik.guv.tu-berlin.de\/wordpress\/wp-json\/wp\/v2\/pages"}],"about":[{"href":"https:\/\/sputnik.guv.tu-berlin.de\/wordpress\/wp-json\/wp\/v2\/types\/page"}],"author":[{"embeddable":true,"href":"https:\/\/sputnik.guv.tu-berlin.de\/wordpress\/wp-json\/wp\/v2\/users\/5"}],"replies":[{"embeddable":true,"href":"https:\/\/sputnik.guv.tu-berlin.de\/wordpress\/wp-json\/wp\/v2\/comments?post=37"}],"version-history":[{"count":20,"href":"https:\/\/sputnik.guv.tu-berlin.de\/wordpress\/wp-json\/wp\/v2\/pages\/37\/revisions"}],"predecessor-version":[{"id":787,"href":"https:\/\/sputnik.guv.tu-berlin.de\/wordpress\/wp-json\/wp\/v2\/pages\/37\/revisions\/787"}],"wp:attachment":[{"href":"https:\/\/sputnik.guv.tu-berlin.de\/wordpress\/wp-json\/wp\/v2\/media?parent=37"}],"curies":[{"name":"wp","href":"https:\/\/api.w.org\/{rel}","templated":true}]}}