{"id":30,"date":"2018-04-22T22:51:18","date_gmt":"2018-04-22T20:51:18","guid":{"rendered":"http:\/\/sputnik.guv.tu-berlin.de\/wordpress\/?page_id=30"},"modified":"2025-06-25T12:16:41","modified_gmt":"2025-06-25T10:16:41","slug":"wer-sind-wir","status":"publish","type":"page","link":"https:\/\/sputnik.guv.tu-berlin.de\/wordpress\/wer-sind-wir\/","title":{"rendered":"Wer wir sind"},"content":{"rendered":"\n<div class=\"wp-block-group\"><div class=\"wp-block-group__inner-container is-layout-flow wp-block-group-is-layout-flow\">\n<figure class=\"wp-block-image size-large\"><img loading=\"lazy\" decoding=\"async\" width=\"1024\" height=\"768\" src=\"https:\/\/sputnik.guv.tu-berlin.de\/wordpress\/wp-content\/uploads\/2025\/02\/signal-2024-06-04-124438_008-min-1024x768.jpeg\" alt=\"\" class=\"wp-image-773\" srcset=\"https:\/\/sputnik.guv.tu-berlin.de\/wordpress\/wp-content\/uploads\/2025\/02\/signal-2024-06-04-124438_008-min-1024x768.jpeg 1024w, https:\/\/sputnik.guv.tu-berlin.de\/wordpress\/wp-content\/uploads\/2025\/02\/signal-2024-06-04-124438_008-min-300x225.jpeg 300w, https:\/\/sputnik.guv.tu-berlin.de\/wordpress\/wp-content\/uploads\/2025\/02\/signal-2024-06-04-124438_008-min-768x576.jpeg 768w, https:\/\/sputnik.guv.tu-berlin.de\/wordpress\/wp-content\/uploads\/2025\/02\/signal-2024-06-04-124438_008-min-1536x1152.jpeg 1536w, https:\/\/sputnik.guv.tu-berlin.de\/wordpress\/wp-content\/uploads\/2025\/02\/signal-2024-06-04-124438_008-min.jpeg 2048w\" sizes=\"auto, (max-width: 767px) 89vw, (max-width: 1000px) 54vw, (max-width: 1071px) 543px, 580px\" \/><\/figure>\n<\/div><\/div>\n\n\n<p style=\"text-align: left;\">Wir sind eine <strong>Fachschaftsinitiative<\/strong> der TU Berlin. Geboren am <em>Institut f\u00fcr Luft- &amp; Raumfahrt<\/em> setzen wir uns f\u00fcr die <strong>Interessen aller Studierenden <\/strong>ein. Sputnik steht dabei f\u00fcr Begleiter und genau das wollen wir f\u00fcr Euch und euer Studium an der TU Berlin sein.<\/p>\n<p>Neben der Arbeit in den Gremien der TU Berlin zur Verbesserung Eures Studienlebens haben wir viele <strong>Projekte<\/strong> am Laufen wie <em>Partys <\/em>und das <em>Caf\u00e9 Countdown.<\/em><\/p>\n<p style=\"text-align: left;\">Ihr m\u00f6chtest auch daran mitwirken und das Studium noch <strong>spannender, cooler und gerechter<\/strong> gestalten?<br \/>Dann kontaktiert uns \u00fcber:<\/p>\n<ul>\n<li><a href=\"http:\/\/www.instagram.com\/tu.sputnik\/\" target=\"_blank\" rel=\"noopener noreferrer\">Instagram<\/a><\/li>\n<li style=\"text-align: left;\">per Mail an <a href=\"mailto:tusputnik@gmail.com\"><strong>tusputnik@gmail.com<\/strong><\/a><\/li>\n<li>oder besucht in uns im unserem B\u00fcr\u00f6 (EB310)<\/li>\n<\/ul>\n<p>Ihr k\u00f6nnt auch gern zu unseren w\u00f6chentlichen Sitzungen (Montags, 18:15 Uhr, EB 310 oder EB317c) vorbeischauen und mitreden.<\/p>\n<p style=\"text-align: left;\">Euer Vorstand,<br \/>Jannik, Juliane und Sven &lt;3<\/p>","protected":false},"excerpt":{"rendered":"<p>Wir sind eine Fachschaftsinitiative der TU Berlin. Geboren am Institut f\u00fcr Luft- &amp; Raumfahrt setzen wir uns f\u00fcr die Interessen aller Studierenden ein. Sputnik steht dabei f\u00fcr Begleiter und genau das wollen wir f\u00fcr Euch und euer Studium an der TU Berlin sein. Neben der Arbeit in den Gremien der TU Berlin zur Verbesserung Eures &hellip; <\/p>\n<p class=\"link-more\"><a href=\"https:\/\/sputnik.guv.tu-berlin.de\/wordpress\/wer-sind-wir\/\" class=\"more-link\"><span class=\"screen-reader-text\">\u201eWer wir sind\u201c<\/span> weiterlesen<\/a><\/p>\n","protected":false},"author":5,"featured_media":0,"parent":0,"menu_order":1,"comment_status":"closed","ping_status":"closed","template":"","meta":{"footnotes":""},"class_list":["post-30","page","type-page","status-publish","hentry"],"_links":{"self":[{"href":"https:\/\/sputnik.guv.tu-berlin.de\/wordpress\/wp-json\/wp\/v2\/pages\/30","targetHints":{"allow":["GET"]}}],"collection":[{"href":"https:\/\/sputnik.guv.tu-berlin.de\/wordpress\/wp-json\/wp\/v2\/pages"}],"about":[{"href":"https:\/\/sputnik.guv.tu-berlin.de\/wordpress\/wp-json\/wp\/v2\/types\/page"}],"author":[{"embeddable":true,"href":"https:\/\/sputnik.guv.tu-berlin.de\/wordpress\/wp-json\/wp\/v2\/users\/5"}],"replies":[{"embeddable":true,"href":"https:\/\/sputnik.guv.tu-berlin.de\/wordpress\/wp-json\/wp\/v2\/comments?post=30"}],"version-history":[{"count":34,"href":"https:\/\/sputnik.guv.tu-berlin.de\/wordpress\/wp-json\/wp\/v2\/pages\/30\/revisions"}],"predecessor-version":[{"id":805,"href":"https:\/\/sputnik.guv.tu-berlin.de\/wordpress\/wp-json\/wp\/v2\/pages\/30\/revisions\/805"}],"wp:attachment":[{"href":"https:\/\/sputnik.guv.tu-berlin.de\/wordpress\/wp-json\/wp\/v2\/media?parent=30"}],"curies":[{"name":"wp","href":"https:\/\/api.w.org\/{rel}","templated":true}]}}