{"id":297,"date":"2020-12-18T16:52:01","date_gmt":"2020-12-18T15:52:01","guid":{"rendered":"http:\/\/sputnik.guv.tu-berlin.de\/wordpress\/?page_id=297"},"modified":"2025-02-05T11:20:08","modified_gmt":"2025-02-05T10:20:08","slug":"das-ilr-stellt-sich-vor-faq","status":"publish","type":"page","link":"https:\/\/sputnik.guv.tu-berlin.de\/wordpress\/das-ilr-stellt-sich-vor-faq\/","title":{"rendered":"Das ILR stellt sich vor &#8211; FAQ &#038; Folien"},"content":{"rendered":"\n<p class=\"has-text-color has-background has-medium-font-size\" style=\"background-color:#8ca6f4;color:#003ba3\"><strong>Allgemeiner Hinweis<\/strong><\/p>\n\n\n\n<p>An wen kann man sich bei Fragen wenden?<\/p>\n\n\n\n<ul class=\"wp-block-list\"><li>Allgemein: Sputnik &amp; Studienfachberatungen<\/li><li>Bachelormodule: Dr. Alexander K\u00f6the   <a rel=\"noreferrer noopener\" href=\"mailto:a.koethe@tu-berlin.de\" target=\"_blank\">a.koethe@tu-berlin.de<\/a><\/li><li>Master\/ZZO: Prof. Bardenhagen    <a rel=\"noreferrer noopener\" href=\"mailto:andreas.bardenhagen@tu-berlin.de\" target=\"_blank\">andreas.bardenhagen@tu-berlin.de<\/a><\/li><\/ul>\n\n\n\n<p>Link zu den Folien: <a href=\"https:\/\/tubcloud.tu-berlin.de\/s\/xEsf88yCkEwy9tr\">https:\/\/tubcloud.tu-berlin.de\/s\/xEsf88yCkEwy9tr<\/a><\/p>\n\n\n\n<p class=\"has-text-color has-background has-medium-font-size\" style=\"background-color:#8ca6f4;color:#003ba3\"><strong>Fragen zur ZZO<\/strong><\/p>\n\n\n\n<div class=\"wp-block-group\"><div class=\"wp-block-group__inner-container is-layout-flow wp-block-group-is-layout-flow\">\n<ul class=\"wp-block-list\"><li><strong>Z\u00e4hlt Str\u00f6mungslehre 2 zu Anhang 1?<\/strong><br>Eher Str\u00f6mungslehre 1<\/li><li><strong>Muss man beide Tabellen aus der ZZO erf\u00fcllen?<\/strong><br>Wenn man in den Master LRT will, m\u00fcssen beide Tabellen\/Anh\u00e4nge erf\u00fcllt werden. 75% von Anhang I und 4\/13 von Anhang II<\/li><li><strong>Z\u00e4hlt DGL als vertiefende Mathematik?<\/strong><br>Ja<\/li><li><strong>Was z\u00e4hlt zu vertiefende Mathematik?<\/strong><br>DGL\/ITPDG und\/oder Numerik<\/li><li><strong>Was z\u00e4hlt zu Elektrotechnik?<\/strong><br>Grundlagen der Elektrotechnik (Service) 6\/9LP<\/li><li><strong>M\u00fcssen alle Module aus den beiden Tabellen erf\u00fcllt werden?<\/strong><br>Nein. Es m\u00fcssen 9 von 12 Module aus Anhang 1 erf\u00fcllt werden und 4 von 13 Module aus Anhang 2. Man hat bei der Bewerbung zum Master keinen Vorteil gegen\u00fcber anderen, wenn man mehr Module aus den Anh\u00e4ngen belegt hat.<\/li><li><strong>Wie m\u00fcssen die Module belegt werden?<\/strong><br>Die Module der Anh\u00e4nge k\u00f6nnen als Wahlpflicht, freie Wahl oder Zusatzmodul belegt werden.<\/li><li><strong>Wie wichtig ist die Note f\u00fcr die Zulassung zum Master?<\/strong><br>In den letzten Semestern wurden alle zugelassen, die die Formalit\u00e4ten\/die ZZO erf\u00fcllt haben. Dabei spielte die Note keine Rolle. Sollten sich jedoch deutlich mehr bewerben, wird die Note des Bachelors wichtig.<\/li><\/ul>\n\n\n\n<p class=\"has-text-color has-background has-medium-font-size\" style=\"background-color:#8ca6f4;color:#003ba3\"><strong>Fragen zum Praktikum<\/strong><\/p>\n<\/div><\/div>\n\n\n\n<ul class=\"wp-block-list\"><li><strong>Pflichtpraktikum<\/strong><br>Aktuell ist es zu Corona Zeiten sehr schwierig. Generell sollte man sich rechtzeitig auf die Suche begeben.<\/li><li><strong>Darf man Praktika im Ausland machen?<\/strong><br>Ja, man sollte dann bei den Zeugnissen auf die Sprache achten\/beglaubigt.<\/li><li><strong>Wie finde ich Praktika?<\/strong><br>Auf der Website der Praktikumsobm\u00e4nner\/-frauen gibt es Links, welche auf Praktika \u00e4lterer Studierenden verweist. <strong>Wichtig<\/strong>: Das Praktikum darf nicht die letzte Leistung im Bachelor sein. Man muss danach noch ein Modul abschlie\u00dfen oder die BA schreiben.<br><a rel=\"noreferrer noopener\" href=\"https:\/\/www.vm.tu-berlin.de\/fileadmin\/f5\/FAKV_Dateien\/StuBe_VW\/Praktikum\/Praktikumsbetriebe_Verkehrswesen.pdf\" target=\"_blank\">Praktikumsbetriebe_Verkehrswesen.pdf<br><\/a>Liste ist auch teilweise auf den Maschinenbau anwendbar.<br>Generell sollte man sich auch deutschlandweit umschauen. Aber auch hier die Praktikumsrichtlinien beachten.<\/li><\/ul>\n\n\n\n<p class=\"has-text-color has-background has-medium-font-size\" style=\"background-color:#8ca6f4;color:#003ba3\"><strong>Sonstiges<\/strong><\/p>\n\n\n\n<ul class=\"wp-block-list\"><li><strong>Ist Regelungstechnik ein wichtiges Modul f\u00fcr LRT(Luft- und Raumfahrttechnik?<\/strong><br>Wenn du viel mit E-Technik\/Informatik machen m\u00f6chtest, dann ja.<\/li><li><strong>Ist LRT ein eigener Studiengang?<\/strong><br>Ja, aber nur als Masterstudiengang.<\/li><li><strong>Gibt es Empfehlungen, welche Module man besuchen sollte\/ nicht besuchen sollte?<\/strong><br>Am besten w\u00e4hlt ihr die Module aus, die euch am besten gefallen und die in euren Interessenbereich gehen. Man kann sich auch an Voraussetzungen der Module auf MOSES informieren.<\/li><li><strong>Ist Ana II f\u00fcr VW und Master LRT wichtig?<\/strong><br>F\u00fcr Str\u00f6mungsbehaftete Module sind Mehrfachintegrale wichtig, f\u00fcr andere Module wieder weniger. Es ist also nicht zwingend notwendig.<\/li><li><strong>Gibt es Module, auf die Unternehmen viel Wert legen?<\/strong><br>Ja, es kommt immer auf die Richtung an, in die ihr geht. Generell sollte man vor Informatik nicht zur\u00fcckschrecken. Mechanik, Konstruktion und Mathe sind auch gefragt. Also alles das, was eine*n gute*n Ingenieur*in ausmacht.<br>Auch hier sind Softskills gefragt.<\/li><li><strong>Kooperation TU Delft\/Erasmus<\/strong><br><a rel=\"noreferrer noopener\" href=\"https:\/\/www.auslandsamt.tu-berlin.de\/fileadmin\/ref1\/Formulare\/Outgoings-Formulare\/ERASMUS_Out_Formulare\/ERASMUS_Broschueren\/Fak_V___ISCED-Code_21-22.pdf\" target=\"_blank\">Wichtiges vor Abreise<br><\/a>Direkt gibt es hier keine Kooperation. Delft gilt als die europ\u00e4ische \u201eSpitzenuni\u201c f\u00fcr Luft- und Raumfahrttechnik.<br>F\u00fcr ERASMUS sollte man sich fr\u00fchzeitig bewerben und relativ gut im Studium sein. Man sollte sich daf\u00fcr vorher sehr gut informieren und ist mit einem gewissen Aufwand verbunden. Die TU unterst\u00fctzt euch dabei.<br>Bei konkreten Fragen zur UNI-Delft kann man sich bestimmt mit einer freundlichen E-Mail an Prof. Uijt de Haag wenden. (Er hat dort studiert)<br><a rel=\"noreferrer noopener\" href=\"https:\/\/www.ff.tu-berlin.de\/menue\/ueber_uns\/leitung\/\" target=\"_blank\">Institut f. Luft- u. Raumfahrt: Leitung<\/a><\/li><li><strong>Besteht die M\u00f6glichkeit die BA (Bachelorarbeit) bei TUBSAT zu schreiben?<\/strong><br>Generell gibt es am ILR viele Projekte und Aufgaben, wodurch viele M\u00f6glichkeiten f\u00fcr BAs entsteht.<br><a rel=\"noreferrer noopener\" href=\"https:\/\/www.raumfahrttechnik.tu-berlin.de\/menue\/studium_und_lehre\/abschlussarbeiten\/\" target=\"_blank\">Institut f. Luft- u. Raumfahrt: Abschlussarbeiten<\/a><br>Auf der Website gibt es einen eigenen Reiter. Wer zur BA eine konkrete Vorstellung hat, kann dort eine E-Mail hinschreiben.<\/li><li><strong>Sollte man Englischkurse belegen?<\/strong><br>In der Luft- und Raumfahrt ist Englisch eine sehr wichtige Sprache. In der Raumfahrt ist russisch die Hauptsprache. Gute Sprachkenntnisse sind also sehr wichtig.<\/li><li><strong>Werden Mastermodule, die im Bachelor belegt wurden im Master anerkannt? Oder die f\u00fcr Master und Bachelor gelten?<\/strong><br>Nur wenn sie als Zusatzmodule im Bachelor belegt worden sind. Module k\u00f6nnen nur 1x angerechnet werden.<br><\/li><\/ul>\n\n\n\n<p><\/p>\n","protected":false},"excerpt":{"rendered":"<p>Allgemeiner Hinweis An wen kann man sich bei Fragen wenden? Allgemein: Sputnik &amp; Studienfachberatungen Bachelormodule: Dr. Alexander K\u00f6the a.koethe@tu-berlin.de Master\/ZZO: Prof. Bardenhagen andreas.bardenhagen@tu-berlin.de Link zu den Folien: https:\/\/tubcloud.tu-berlin.de\/s\/xEsf88yCkEwy9tr Fragen zur ZZO Z\u00e4hlt Str\u00f6mungslehre 2 zu Anhang 1?Eher Str\u00f6mungslehre 1 Muss man beide Tabellen aus der ZZO erf\u00fcllen?Wenn man in den Master LRT will, m\u00fcssen beide &hellip; <\/p>\n<p class=\"link-more\"><a href=\"https:\/\/sputnik.guv.tu-berlin.de\/wordpress\/das-ilr-stellt-sich-vor-faq\/\" class=\"more-link\"><span class=\"screen-reader-text\">\u201eDas ILR stellt sich vor &#8211; FAQ &#038; Folien\u201c<\/span> weiterlesen<\/a><\/p>\n","protected":false},"author":4,"featured_media":0,"parent":0,"menu_order":0,"comment_status":"closed","ping_status":"closed","template":"","meta":{"footnotes":""},"class_list":["post-297","page","type-page","status-publish","hentry"],"_links":{"self":[{"href":"https:\/\/sputnik.guv.tu-berlin.de\/wordpress\/wp-json\/wp\/v2\/pages\/297","targetHints":{"allow":["GET"]}}],"collection":[{"href":"https:\/\/sputnik.guv.tu-berlin.de\/wordpress\/wp-json\/wp\/v2\/pages"}],"about":[{"href":"https:\/\/sputnik.guv.tu-berlin.de\/wordpress\/wp-json\/wp\/v2\/types\/page"}],"author":[{"embeddable":true,"href":"https:\/\/sputnik.guv.tu-berlin.de\/wordpress\/wp-json\/wp\/v2\/users\/4"}],"replies":[{"embeddable":true,"href":"https:\/\/sputnik.guv.tu-berlin.de\/wordpress\/wp-json\/wp\/v2\/comments?post=297"}],"version-history":[{"count":7,"href":"https:\/\/sputnik.guv.tu-berlin.de\/wordpress\/wp-json\/wp\/v2\/pages\/297\/revisions"}],"predecessor-version":[{"id":317,"href":"https:\/\/sputnik.guv.tu-berlin.de\/wordpress\/wp-json\/wp\/v2\/pages\/297\/revisions\/317"}],"wp:attachment":[{"href":"https:\/\/sputnik.guv.tu-berlin.de\/wordpress\/wp-json\/wp\/v2\/media?parent=297"}],"curies":[{"name":"wp","href":"https:\/\/api.w.org\/{rel}","templated":true}]}}